{"id":5434,"date":"2020-06-09T15:52:27","date_gmt":"2020-06-09T13:52:27","guid":{"rendered":"https:\/\/www.cocinas-ranieri.com\/qualite\/politica-de-calidad\/"},"modified":"2020-06-29T19:13:22","modified_gmt":"2020-06-29T17:13:22","slug":"politique-de-qualite","status":"publish","type":"page","link":"https:\/\/www.cocinas-ranieri.com\/fr\/qualite\/politique-de-qualite\/","title":{"rendered":"Politique de qualit\u00e9"},"content":{"rendered":"<div id=\"cs-content\" class=\"cs-content\"><\/div>\n","protected":false},"excerpt":{"rendered":"<p>Politique de qualit\u00e9Cuisines et salles de bains Ranieri La continuit\u00e9 de l&rsquo;entreprise et ses perspectives d&rsquo;avenir d\u00e9pendent de la r\u00e9alisation de la meilleure qualit\u00e9 de nos meubles au moindre co\u00fbt Nos clients attendent un meuble de qualit\u00e9, avec la s\u00e9curit\u00e9 de la robustesse, \u00e0 un prix comp\u00e9titif. Faire le travail correctement la premi\u00e8re fois est le plus \u00e9conomique non seulement &#8230; <a href=\"https:\/\/www.cocinas-ranieri.com\/fr\/qualite\/politique-de-qualite\/\" class=\"more-link\">Read More<\/a><\/p>\n","protected":false},"author":3,"featured_media":0,"parent":2768,"menu_order":0,"comment_status":"closed","ping_status":"closed","template":"template-blank-4.php","meta":{"footnotes":""},"class_list":["post-5434","page","type-page","status-publish","hentry","no-post-thumbnail"],"yoast_head":"<!-- This site is optimized with the Yoast SEO plugin v26.8 - https:\/\/yoast.com\/product\/yoast-seo-wordpress\/ -->\n<title>Politique de qualit\u00e9 - Cuisines Ranieri<\/title>\n<meta name=\"robots\" content=\"index, follow, max-snippet:-1, max-image-preview:large, max-video-preview:-1\" \/>\n<link rel=\"canonical\" href=\"https:\/\/www.cocinas-ranieri.com\/fr\/qualite\/politique-de-qualite\/\" \/>\n<meta property=\"og:locale\" content=\"fr_FR\" \/>\n<meta property=\"og:type\" content=\"article\" \/>\n<meta property=\"og:title\" content=\"Politique de qualit\u00e9 - Cuisines Ranieri\" \/>\n<meta property=\"og:description\" content=\"Politique de qualit\u00e9Cuisines et salles de bains Ranieri La continuit\u00e9 de l&#039;entreprise et ses perspectives d&#039;avenir d\u00e9pendent de la r\u00e9alisation de la meilleure qualit\u00e9 de nos meubles au moindre co\u00fbt Nos clients attendent un meuble de qualit\u00e9, avec la s\u00e9curit\u00e9 de la robustesse, \u00e0 un prix comp\u00e9titif. Faire le travail correctement la premi\u00e8re fois est le plus \u00e9conomique non seulement ... Read More\" \/>\n<meta property=\"og:url\" content=\"https:\/\/www.cocinas-ranieri.com\/fr\/qualite\/politique-de-qualite\/\" \/>\n<meta property=\"og:site_name\" content=\"Cuisines Ranieri\" \/>\n<meta property=\"article:modified_time\" content=\"2020-06-29T17:13:22+00:00\" \/>\n<meta property=\"og:image\" content=\"https:\/\/www.cocinas-ranieri.com\/wp-content\/uploads\/2017\/04\/calidad-ranieri.jpg\" \/>\n<meta name=\"twitter:card\" content=\"summary_large_image\" \/>\n<meta name=\"twitter:label1\" content=\"Dur\u00e9e de lecture estim\u00e9e\" \/>\n\t<meta name=\"twitter:data1\" content=\"6 minutes\" \/>\n<script type=\"application\/ld+json\" class=\"yoast-schema-graph\">{\"@context\":\"https:\/\/schema.org\",\"@graph\":[{\"@type\":\"WebPage\",\"@id\":\"https:\/\/www.cocinas-ranieri.com\/fr\/qualite\/politique-de-qualite\/\",\"url\":\"https:\/\/www.cocinas-ranieri.com\/fr\/qualite\/politique-de-qualite\/\",\"name\":\"Politique de qualit\u00e9 - Cuisines Ranieri\",\"isPartOf\":{\"@id\":\"https:\/\/www.cocinas-ranieri.com\/fr\/#website\"},\"primaryImageOfPage\":{\"@id\":\"https:\/\/www.cocinas-ranieri.com\/fr\/qualite\/politique-de-qualite\/#primaryimage\"},\"image\":{\"@id\":\"https:\/\/www.cocinas-ranieri.com\/fr\/qualite\/politique-de-qualite\/#primaryimage\"},\"thumbnailUrl\":\"https:\/\/www.cocinas-ranieri.com\/wp-content\/uploads\/2017\/04\/calidad-ranieri.jpg\",\"datePublished\":\"2020-06-09T13:52:27+00:00\",\"dateModified\":\"2020-06-29T17:13:22+00:00\",\"breadcrumb\":{\"@id\":\"https:\/\/www.cocinas-ranieri.com\/fr\/qualite\/politique-de-qualite\/#breadcrumb\"},\"inLanguage\":\"fr-FR\",\"potentialAction\":[{\"@type\":\"ReadAction\",\"target\":[\"https:\/\/www.cocinas-ranieri.com\/fr\/qualite\/politique-de-qualite\/\"]}]},{\"@type\":\"ImageObject\",\"inLanguage\":\"fr-FR\",\"@id\":\"https:\/\/www.cocinas-ranieri.com\/fr\/qualite\/politique-de-qualite\/#primaryimage\",\"url\":\"https:\/\/www.cocinas-ranieri.com\/wp-content\/uploads\/2017\/04\/calidad-ranieri.jpg\",\"contentUrl\":\"https:\/\/www.cocinas-ranieri.com\/wp-content\/uploads\/2017\/04\/calidad-ranieri.jpg\"},{\"@type\":\"BreadcrumbList\",\"@id\":\"https:\/\/www.cocinas-ranieri.com\/fr\/qualite\/politique-de-qualite\/#breadcrumb\",\"itemListElement\":[{\"@type\":\"ListItem\",\"position\":1,\"name\":\"Portada\",\"item\":\"https:\/\/www.cocinas-ranieri.com\/fr\/\"},{\"@type\":\"ListItem\",\"position\":2,\"name\":\"Qualit\u00e9\",\"item\":\"https:\/\/www.cocinas-ranieri.com\/fr\/qualite\/\"},{\"@type\":\"ListItem\",\"position\":3,\"name\":\"Politique de qualit\u00e9\"}]},{\"@type\":\"WebSite\",\"@id\":\"https:\/\/www.cocinas-ranieri.com\/fr\/#website\",\"url\":\"https:\/\/www.cocinas-ranieri.com\/fr\/\",\"name\":\"Cuisines Ranieri\",\"description\":\"Cocinas | Salles de bain | Contract\",\"publisher\":{\"@id\":\"https:\/\/www.cocinas-ranieri.com\/fr\/#organization\"},\"potentialAction\":[{\"@type\":\"SearchAction\",\"target\":{\"@type\":\"EntryPoint\",\"urlTemplate\":\"https:\/\/www.cocinas-ranieri.com\/fr\/?s={search_term_string}\"},\"query-input\":{\"@type\":\"PropertyValueSpecification\",\"valueRequired\":true,\"valueName\":\"search_term_string\"}}],\"inLanguage\":\"fr-FR\"},{\"@type\":\"Organization\",\"@id\":\"https:\/\/www.cocinas-ranieri.com\/fr\/#organization\",\"name\":\"Cocinas Ranieri\",\"url\":\"https:\/\/www.cocinas-ranieri.com\/fr\/\",\"logo\":{\"@type\":\"ImageObject\",\"inLanguage\":\"fr-FR\",\"@id\":\"https:\/\/www.cocinas-ranieri.com\/fr\/#\/schema\/logo\/image\/\",\"url\":\"https:\/\/www.cocinas-ranieri.com\/wp-content\/uploads\/2016\/12\/logoranieri-peq.png\",\"contentUrl\":\"https:\/\/www.cocinas-ranieri.com\/wp-content\/uploads\/2016\/12\/logoranieri-peq.png\",\"width\":600,\"height\":179,\"caption\":\"Cocinas Ranieri\"},\"image\":{\"@id\":\"https:\/\/www.cocinas-ranieri.com\/fr\/#\/schema\/logo\/image\/\"}}]}<\/script>\n<!-- \/ Yoast SEO plugin. -->","yoast_head_json":{"title":"Politique de qualit\u00e9 - Cuisines Ranieri","robots":{"index":"index","follow":"follow","max-snippet":"max-snippet:-1","max-image-preview":"max-image-preview:large","max-video-preview":"max-video-preview:-1"},"canonical":"https:\/\/www.cocinas-ranieri.com\/fr\/qualite\/politique-de-qualite\/","og_locale":"fr_FR","og_type":"article","og_title":"Politique de qualit\u00e9 - Cuisines Ranieri","og_description":"Politique de qualit\u00e9Cuisines et salles de bains Ranieri La continuit\u00e9 de l'entreprise et ses perspectives d'avenir d\u00e9pendent de la r\u00e9alisation de la meilleure qualit\u00e9 de nos meubles au moindre co\u00fbt Nos clients attendent un meuble de qualit\u00e9, avec la s\u00e9curit\u00e9 de la robustesse, \u00e0 un prix comp\u00e9titif. Faire le travail correctement la premi\u00e8re fois est le plus \u00e9conomique non seulement ... Read More","og_url":"https:\/\/www.cocinas-ranieri.com\/fr\/qualite\/politique-de-qualite\/","og_site_name":"Cuisines Ranieri","article_modified_time":"2020-06-29T17:13:22+00:00","og_image":[{"url":"https:\/\/www.cocinas-ranieri.com\/wp-content\/uploads\/2017\/04\/calidad-ranieri.jpg","type":"","width":"","height":""}],"twitter_card":"summary_large_image","twitter_misc":{"Dur\u00e9e de lecture estim\u00e9e":"6 minutes"},"schema":{"@context":"https:\/\/schema.org","@graph":[{"@type":"WebPage","@id":"https:\/\/www.cocinas-ranieri.com\/fr\/qualite\/politique-de-qualite\/","url":"https:\/\/www.cocinas-ranieri.com\/fr\/qualite\/politique-de-qualite\/","name":"Politique de qualit\u00e9 - Cuisines Ranieri","isPartOf":{"@id":"https:\/\/www.cocinas-ranieri.com\/fr\/#website"},"primaryImageOfPage":{"@id":"https:\/\/www.cocinas-ranieri.com\/fr\/qualite\/politique-de-qualite\/#primaryimage"},"image":{"@id":"https:\/\/www.cocinas-ranieri.com\/fr\/qualite\/politique-de-qualite\/#primaryimage"},"thumbnailUrl":"https:\/\/www.cocinas-ranieri.com\/wp-content\/uploads\/2017\/04\/calidad-ranieri.jpg","datePublished":"2020-06-09T13:52:27+00:00","dateModified":"2020-06-29T17:13:22+00:00","breadcrumb":{"@id":"https:\/\/www.cocinas-ranieri.com\/fr\/qualite\/politique-de-qualite\/#breadcrumb"},"inLanguage":"fr-FR","potentialAction":[{"@type":"ReadAction","target":["https:\/\/www.cocinas-ranieri.com\/fr\/qualite\/politique-de-qualite\/"]}]},{"@type":"ImageObject","inLanguage":"fr-FR","@id":"https:\/\/www.cocinas-ranieri.com\/fr\/qualite\/politique-de-qualite\/#primaryimage","url":"https:\/\/www.cocinas-ranieri.com\/wp-content\/uploads\/2017\/04\/calidad-ranieri.jpg","contentUrl":"https:\/\/www.cocinas-ranieri.com\/wp-content\/uploads\/2017\/04\/calidad-ranieri.jpg"},{"@type":"BreadcrumbList","@id":"https:\/\/www.cocinas-ranieri.com\/fr\/qualite\/politique-de-qualite\/#breadcrumb","itemListElement":[{"@type":"ListItem","position":1,"name":"Portada","item":"https:\/\/www.cocinas-ranieri.com\/fr\/"},{"@type":"ListItem","position":2,"name":"Qualit\u00e9","item":"https:\/\/www.cocinas-ranieri.com\/fr\/qualite\/"},{"@type":"ListItem","position":3,"name":"Politique de qualit\u00e9"}]},{"@type":"WebSite","@id":"https:\/\/www.cocinas-ranieri.com\/fr\/#website","url":"https:\/\/www.cocinas-ranieri.com\/fr\/","name":"Cuisines Ranieri","description":"Cocinas | Salles de bain | Contract","publisher":{"@id":"https:\/\/www.cocinas-ranieri.com\/fr\/#organization"},"potentialAction":[{"@type":"SearchAction","target":{"@type":"EntryPoint","urlTemplate":"https:\/\/www.cocinas-ranieri.com\/fr\/?s={search_term_string}"},"query-input":{"@type":"PropertyValueSpecification","valueRequired":true,"valueName":"search_term_string"}}],"inLanguage":"fr-FR"},{"@type":"Organization","@id":"https:\/\/www.cocinas-ranieri.com\/fr\/#organization","name":"Cocinas Ranieri","url":"https:\/\/www.cocinas-ranieri.com\/fr\/","logo":{"@type":"ImageObject","inLanguage":"fr-FR","@id":"https:\/\/www.cocinas-ranieri.com\/fr\/#\/schema\/logo\/image\/","url":"https:\/\/www.cocinas-ranieri.com\/wp-content\/uploads\/2016\/12\/logoranieri-peq.png","contentUrl":"https:\/\/www.cocinas-ranieri.com\/wp-content\/uploads\/2016\/12\/logoranieri-peq.png","width":600,"height":179,"caption":"Cocinas Ranieri"},"image":{"@id":"https:\/\/www.cocinas-ranieri.com\/fr\/#\/schema\/logo\/image\/"}}]}},"_links":{"self":[{"href":"https:\/\/www.cocinas-ranieri.com\/fr\/wp-json\/wp\/v2\/pages\/5434","targetHints":{"allow":["GET"]}}],"collection":[{"href":"https:\/\/www.cocinas-ranieri.com\/fr\/wp-json\/wp\/v2\/pages"}],"about":[{"href":"https:\/\/www.cocinas-ranieri.com\/fr\/wp-json\/wp\/v2\/types\/page"}],"author":[{"embeddable":true,"href":"https:\/\/www.cocinas-ranieri.com\/fr\/wp-json\/wp\/v2\/users\/3"}],"replies":[{"embeddable":true,"href":"https:\/\/www.cocinas-ranieri.com\/fr\/wp-json\/wp\/v2\/comments?post=5434"}],"version-history":[{"count":12,"href":"https:\/\/www.cocinas-ranieri.com\/fr\/wp-json\/wp\/v2\/pages\/5434\/revisions"}],"predecessor-version":[{"id":5446,"href":"https:\/\/www.cocinas-ranieri.com\/fr\/wp-json\/wp\/v2\/pages\/5434\/revisions\/5446"}],"up":[{"embeddable":true,"href":"https:\/\/www.cocinas-ranieri.com\/fr\/wp-json\/wp\/v2\/pages\/2768"}],"wp:attachment":[{"href":"https:\/\/www.cocinas-ranieri.com\/fr\/wp-json\/wp\/v2\/media?parent=5434"}],"curies":[{"name":"wp","href":"https:\/\/api.w.org\/{rel}","templated":true}]}}